{"id":15331,"date":"2026-03-10T11:45:52","date_gmt":"2026-03-10T10:45:52","guid":{"rendered":"https:\/\/www.chateaudelastours.com\/?post_type=product&#038;p=15331"},"modified":"2026-04-21T17:09:42","modified_gmt":"2026-04-21T15:09:42","slug":"vin-rouge-hommage-simone-decamps","status":"publish","type":"product","link":"https:\/\/www.chateaudelastours.com\/en\/product\/vin-rouge-hommage-simone-decamps\/","title":{"rendered":"Hommage \u00e0<br>Simone Decamps"},"content":{"rendered":"<div class=\"fiche-infos-vin\">\n<div class=\"info-item\">\n<div class=\"icon\">\ud83c\udf47<\/div>\n<div class=\"info-content\">\n<div class=\"titre\">AOC CORBI\u00c8RES<\/div>\n<div class=\"texte\">2024<\/div>\n<\/div>\n<\/div>\n<div class=\"info-item\">\n<div class=\"icon\">\ud83c\udf3f<\/div>\n<div class=\"info-content\">\n<div class=\"titre\">Grape varieties<\/div>\n<div class=\"texte\">Carignan, Mourv\u00e8dre<\/div>\n<\/div>\n<\/div>\n<div class=\"info-item\">\n<div class=\"icon\">\ud83d\udc43<\/div>\n<div class=\"info-content\">\n<div class=\"titre\">Tasting Notes<\/div>\n<div class=\"texte\">Fruits rouges frais (cerise, framboise), garrigue et une touche \u00e9pic\u00e9e subtile<\/div>\n<\/div>\n<\/div>\n<div class=\"info-item\">\n<div class=\"icon\">\ud83c\udf7d\ufe0f<\/div>\n<div class=\"info-content\">\n<div class=\"titre\">Pairings &amp; wine<\/div>\n<div class=\"texte\">Viandes grill\u00e9es, r\u00f4ties, cuisine du Sud, daube traditionnelle, l\u00e9gumes r\u00f4tis, charcuteries fines et fromages de caract\u00e8re<\/div>\n<\/div>\n<\/div>\n<\/div>","protected":false},"excerpt":{"rendered":"<p>&nbsp;<\/p>\n<div class=\"fiche-vin\">\n<div class=\"section-titre\">NOUVEAUT\u00c9<\/div>\n<div class=\"colonnes\">\n<div class=\"col\">\n<div class=\"bloc\">\n<p>Simone Descamps, fondatrice du centre pour jeunes handicap\u00e9s de Lastours, il y a 50 ans<\/p>\n<p>R\u00e9colte manuelle<br \/>\n10 mois en foudre de Ch\u00eane Fran\u00e7ais 50hL<br \/>\n100% carignan<br \/>\nTasting<br \/>\n12\u00b0C<br \/>\nGuard<br \/>\n5 ans<br \/>\nAlcool 13,5 %<\/p>\n<p><strong>Terroir<\/strong><br \/>\nVignes de 20 ans Coteaux argilo- calcaires et caillouteux, expos\u00e9s au soleil levant et aux entr\u00e9es maritimes &#8211; s\u00e9lectionn\u00e9es pour leur qualit\u00e9<\/p>\n<\/div>\n<\/div>\n<div class=\"col\">\n<div class=\"bloc\"><strong>Nose<\/strong><br \/>\nExpressif, marqu\u00e9 par des fruits rouges frais (cerise, framboise), des notes de garrigue et une touche \u00e9pic\u00e9e subtile.<strong>Mouth<\/strong><br \/>\nSouple et fruit\u00e9e avec une belle fra\u00eecheur. Le bois\u00e9 d\u00e9licat de l\u2019\u00e9levage en foudre patine la bouche avec finesse. Les tanins sont fins, l\u2019ensemble est \u00e9quilibr\u00e9, avec une finale persistante. Reflet pur du Carignan de terroir.<strong>Winemaking, farming<\/strong><br \/>\nR\u00e9colt\u00e9s \u00e0 la main et vinifi\u00e9 en <strong>mac\u00e9ration carbonique.<\/strong><br \/>\nElevage de 10 mois en foudre de ch\u00eane fran\u00e7ais 50hL<\/p>\n<\/div>\n<\/div>\n<\/div>\n<div class=\"section-titre\">Tasting<\/div>\n<div class=\"colonnes\">\n<div class=\"col\">\n<div class=\"bloc\"><strong>Pairings &amp; wine<\/strong><br \/>\nParfait avec des viandes grill\u00e9es ou r\u00f4ties, comme un agneau aux herbes de garrigue ou un magret de canard. Il accompagne \u00e0 merveille une cuisine du Sud, une daube traditionnelle ou des l\u00e9gumes r\u00f4tis. Id\u00e9al \u00e9galement avec des charcuteries fines et des fromages de caract\u00e8re \u00e0 p\u00e2te press\u00e9e.<\/div>\n<\/div>\n<div class=\"col\">\n<div class=\"bloc\"><strong>Tradition et savoir faire de notre terroir<\/strong><br \/>\nN\u00e9e entre mer et montagne, cette cuv\u00e9e rend hommage \u00e0 Simone Descamps. elle incarne la transmission, l\u2019authenticit\u00e9 et la g\u00e9n\u00e9rosit\u00e9 d\u2019un terroir o\u00f9 se m\u00ealent douceur er m\u00e9moire.<\/div>\n<div class=\"bloc\"><strong>Une cuv\u00e9e \u00e9lue meilleur vin du monde en 1989<\/strong><\/div>\n<\/div>\n<\/div>\n<p><a title=\"vin rouge chateau de lastours simone descamps\" href=\"https:\/\/www.chateaudelastours.com\/wp-content\/uploads\/2026\/03\/vin-rouge-chateau-de-lastours-simone-descamps-fr.pdf\" target=\"_blank\" rel=\"noopener\">Technical Data Sheet<\/a><\/p>\n<div class=\"footer\"><\/div>\n<\/div>\n<p>&nbsp;<\/p>","protected":false},"featured_media":15332,"template":"","meta":[],"product_brand":[],"product_cat":[15],"product_tag":[135],"class_list":{"0":"post-15331","1":"product","2":"type-product","3":"status-publish","4":"has-post-thumbnail","6":"product_cat-uncategorized","7":"product_tag-nouveautes","9":"first","10":"instock","11":"shipping-taxable","12":"purchasable","13":"product-type-simple","14":"add-to-wishlist-after_add_to_cart"},"_links":{"self":[{"href":"https:\/\/www.chateaudelastours.com\/en\/wp-json\/wp\/v2\/product\/15331","targetHints":{"allow":["GET"]}}],"collection":[{"href":"https:\/\/www.chateaudelastours.com\/en\/wp-json\/wp\/v2\/product"}],"about":[{"href":"https:\/\/www.chateaudelastours.com\/en\/wp-json\/wp\/v2\/types\/product"}],"wp:featuredmedia":[{"embeddable":true,"href":"https:\/\/www.chateaudelastours.com\/en\/wp-json\/wp\/v2\/media\/15332"}],"wp:attachment":[{"href":"https:\/\/www.chateaudelastours.com\/en\/wp-json\/wp\/v2\/media?parent=15331"}],"wp:term":[{"taxonomy":"product_brand","embeddable":true,"href":"https:\/\/www.chateaudelastours.com\/en\/wp-json\/wp\/v2\/product_brand?post=15331"},{"taxonomy":"product_cat","embeddable":true,"href":"https:\/\/www.chateaudelastours.com\/en\/wp-json\/wp\/v2\/product_cat?post=15331"},{"taxonomy":"product_tag","embeddable":true,"href":"https:\/\/www.chateaudelastours.com\/en\/wp-json\/wp\/v2\/product_tag?post=15331"}],"curies":[{"name":"wp","href":"https:\/\/api.w.org\/{rel}","templated":true}]}}