{"id":13808,"date":"2025-10-20T16:15:01","date_gmt":"2025-10-20T14:15:01","guid":{"rendered":"https:\/\/www.chateaudelastours.com\/?post_type=product&#038;p=13808"},"modified":"2025-12-18T10:41:00","modified_gmt":"2025-12-18T09:41:00","slug":"grande-reserve-blanc","status":"publish","type":"product","link":"https:\/\/www.chateaudelastours.com\/en\/product\/grande-reserve-blanc\/","title":{"rendered":"GRANDE RESERVE <br>BLANC"},"content":{"rendered":"<div class=\"fiche-infos-vin\">\n<div class=\"info-item\">\n<div class=\"icon\">\ud83c\udf47<\/div>\n<div class=\"info-content\">\n<div class=\"titre\">Vintage<\/div>\n<div class=\"texte\">2024<\/div>\n<\/div>\n<\/div>\n<div class=\"info-item\">\n<div class=\"icon\">\ud83c\udf3f<\/div>\n<div class=\"info-content\">\n<div class=\"titre\">Grape varieties<\/div>\n<div class=\"texte\">Roussanne, Grenache, Vermentino<\/div>\n<\/div>\n<\/div>\n<div class=\"info-item\">\n<div class=\"icon\">\ud83d\udc43<\/div>\n<div class=\"info-content\">\n<div class=\"titre\">Tasting Notes<\/div>\n<div class=\"texte\">Jaune p\u00e2le dor\u00e9e, Limpide, Brillante<\/div>\n<\/div>\n<\/div>\n<div class=\"info-item\">\n<div class=\"icon\">\ud83c\udf7d\ufe0f<\/div>\n<div class=\"info-content\">\n<div class=\"titre\">Pairings &amp; wine<\/div>\n<div class=\"texte\">Poisson, Viandes blanches, Fromages<\/div>\n<\/div>\n<\/div>\n<\/div>","protected":false},"excerpt":{"rendered":"<p>&nbsp;<\/p>\n<div class=\"fiche-vin\">\n<div class=\"section-titre\">Origin<\/div>\n<div class=\"colonnes\">\n<div class=\"col\">\n<div class=\"bloc\"><strong>Terroir<\/strong><br \/>\nVines of 20 \u2013 30 years old<br \/>\nCoteaux argilo-calcareous<br \/>\nstony and exposed to the rising sun<\/div>\n<\/div>\n<div class=\"col\">\n<div class=\"bloc\"><strong>Winemaking, farming<\/strong><br \/>\nR\u00e9colte manuelle. Co-fermentation de Roussanne, Grenache et Vermentino.<br \/>\n\u00c9levage 8 mois en barriques de 500L en ch\u00eane fran\u00e7ais pour une texture velout\u00e9e et une complexit\u00e9 aromatique accrue.<\/div>\n<\/div>\n<\/div>\n<div class=\"section-titre\">Tasting<\/div>\n<div class=\"colonnes\">\n<div class=\"col\">\n<div class=\"bloc\"><strong>Testing temperature<\/strong> 10\u201312\u00b0C<\/div>\n<div class=\"bloc\"><strong>Guard<\/strong> 3\u20135 ans<\/div>\n<div class=\"bloc\"><strong>Pairings &amp; wine<\/strong><br \/>\nPoissons grill\u00e9s ou en sauce (dorade, loup), coquilles Saint-Jacques, volaille aux herbes, risotto cr\u00e9meux, fromages de ch\u00e8vre ou de brebis frais.<\/div>\n<\/div>\n<div class=\"col\">\n<div class=\"bloc\"><strong>Nose<\/strong><br \/>\nFleurs blanches et agrumes, relev\u00e9s par des notes de miel et de fruits exotiques apport\u00e9es par la Roussanne. L\u2019\u00e9levage en f\u00fbt r\u00e9v\u00e8le des touches subtiles de vanille et de noisette.<\/div>\n<div class=\"bloc\"><strong>Mouth<\/strong><br \/>\nAttaque d\u00e9licate et \u00e9quilibr\u00e9e, texture velout\u00e9e. Ar\u00f4mes d\u2019agrumes et de fleurs, enrichis par des nuances de miel et de fruits exotiques. La finale offre fra\u00eecheur, \u00e9l\u00e9gance et longueur avec une pointe toast\u00e9e.<\/div>\n<div class=\"note\">Vin blanc d\u2019exception, alliant fra\u00eecheur, finesse aromatique et complexit\u00e9 issue de son \u00e9levage en f\u00fbt. Disponible \u00e0 partir de mai 2025.<\/div>\n<\/div>\n<\/div>\n<p><a href=\"https:\/\/www.chateaudelastours.com\/wp-content\/uploads\/2025\/10\/2024.1-FT-Chateau-de-Lastours-Grande-Reserve-Vin-Blanc-FR-2024.pdf\" target=\"_blank\" rel=\"noopener\">Technical Data Sheet<\/a><\/p>\n<div class=\"footer\"><\/div>\n<\/div>\n<p>&nbsp;<\/p>","protected":false},"featured_media":15181,"template":"","meta":[],"product_brand":[],"product_cat":[15],"product_tag":[104],"class_list":{"0":"post-13808","1":"product","2":"type-product","3":"status-publish","4":"has-post-thumbnail","6":"product_cat-uncategorized","7":"product_tag-reserve","9":"first","10":"outofstock","11":"shipping-taxable","12":"purchasable","13":"product-type-simple","14":"add-to-wishlist-after_add_to_cart"},"_links":{"self":[{"href":"https:\/\/www.chateaudelastours.com\/en\/wp-json\/wp\/v2\/product\/13808","targetHints":{"allow":["GET"]}}],"collection":[{"href":"https:\/\/www.chateaudelastours.com\/en\/wp-json\/wp\/v2\/product"}],"about":[{"href":"https:\/\/www.chateaudelastours.com\/en\/wp-json\/wp\/v2\/types\/product"}],"wp:featuredmedia":[{"embeddable":true,"href":"https:\/\/www.chateaudelastours.com\/en\/wp-json\/wp\/v2\/media\/15181"}],"wp:attachment":[{"href":"https:\/\/www.chateaudelastours.com\/en\/wp-json\/wp\/v2\/media?parent=13808"}],"wp:term":[{"taxonomy":"product_brand","embeddable":true,"href":"https:\/\/www.chateaudelastours.com\/en\/wp-json\/wp\/v2\/product_brand?post=13808"},{"taxonomy":"product_cat","embeddable":true,"href":"https:\/\/www.chateaudelastours.com\/en\/wp-json\/wp\/v2\/product_cat?post=13808"},{"taxonomy":"product_tag","embeddable":true,"href":"https:\/\/www.chateaudelastours.com\/en\/wp-json\/wp\/v2\/product_tag?post=13808"}],"curies":[{"name":"wp","href":"https:\/\/api.w.org\/{rel}","templated":true}]}}