{"id":12226,"date":"2025-03-26T17:14:39","date_gmt":"2025-03-26T16:14:39","guid":{"rendered":"https:\/\/www.chateaudelastours.com\/?page_id=12226"},"modified":"2026-03-26T16:48:56","modified_gmt":"2026-03-26T15:48:56","slug":"mentions-legales","status":"publish","type":"page","link":"https:\/\/www.chateaudelastours.com\/en\/mentions-legales\/","title":{"rendered":"LEGAL NOTICES"},"content":{"rendered":"<h2 class=\"wp-block-heading\">Editor of the site<\/h2>\n\n\n\n<p><strong>Company name<\/strong> : Family, P &amp; J Allard SAS<br><strong>Legal form<\/strong> : Soci\u00e9t\u00e9 par actions simplifi\u00e9e (SAS)<br><strong>Headquarters<\/strong> : Calle Miguel de Cervantes, 33700 M\u00e9rignac, France<br><strong>Social Capital<\/strong> : (to be completed if known)<br><strong>Number SIREN \/ SIRET<\/strong> : 479 483 646<br><strong>RCS<\/strong> : Bordeaux \u2013 B 479 483 646<br><strong>Intra-community VAT number<\/strong> : (to be completed)<\/p>\n\n\n\n<p><strong>Director of publication<\/strong> : Mr. Thibaut de Braquilanges<br><strong>Email<\/strong> : <a class=\"\">contact@chateaudelastours.com<\/a><br><strong>Phone<\/strong> : <a href=\"tel:0468486474\" target=\"_blank\" rel=\"noreferrer noopener\">+33 (0)4 68 48 64 74<\/a><br><strong>Website<\/strong> : <a href=\"https:\/\/www.chateaudelastours.com\/en\/\" class=\"\">www.chateaudelastours.com<\/a><\/p>\n\n\n\n<hr class=\"wp-block-separator has-alpha-channel-opacity\"\/>\n\n\n\n<h2 class=\"wp-block-heading\">Accommodation<\/h2>\n\n\n\n<p><strong>Hoster<\/strong> :<br>IONOS by 1&amp;1<br>7, place de la Gare<br>BP 70109<br>57201 Sarreguemines Cedex<br>France<br>Site : <a class=\"\" href=\"https:\/\/www.ionos.fr\">www.ionos.fr<\/a><\/p>\n\n\n\n<hr class=\"wp-block-separator has-alpha-channel-opacity\"\/>\n\n\n\n<h2 class=\"wp-block-heading\">Design and development<\/h2>\n\n\n\n<p><strong>Agency<\/strong> : Agency Canopy Has A Different<br>Web Site : <a class=\"\" href=\"https:\/\/www.agenceverri.com\">www.agenceverri.com<\/a><br>Creation and development of the website<\/p>\n\n\n\n<hr class=\"wp-block-separator has-alpha-channel-opacity\"\/>\n\n\n\n<h2 class=\"wp-block-heading\">Terms of use<\/h2>\n\n\n\n<p>The use of this website implies the full and unreserved acceptance of the general terms and conditions of use. These terms may be changed at any time by the editor.<\/p>\n\n\n\n<hr class=\"wp-block-separator has-alpha-channel-opacity\"\/>\n\n\n\n<h2 class=\"wp-block-heading\">Intellectual property<\/h2>\n\n\n\n<p>All of the content on this site (texts, images, graphics, logos, videos, icons, etc) is the exclusive property of the Family P &amp; J Allard SAS, unless otherwise stated. Any reproduction or total or partial representation of the website, without prior permission, is prohibited.<\/p>\n\n\n\n<hr class=\"wp-block-separator has-alpha-channel-opacity\"\/>\n\n\n\n<h2 class=\"wp-block-heading\">Personal data<\/h2>\n\n\n\n<p>In accordance with the law Informatique et Libert\u00e9s of 6 January 1978 and the General Regulation on Data Protection (RGPD), users have a right of access, rectification, deletion and opposition to their personal data.<\/p>\n\n\n\n<p>These rights can be exercised by email at the following address : <strong><a class=\"\">contact@chateaudelastours.com<\/a><\/strong><\/p>\n\n\n\n<p>No personal data is sold or passed on to third parties.<\/p>\n\n\n\n<hr class=\"wp-block-separator has-alpha-channel-opacity\"\/>\n\n\n\n<h2 class=\"wp-block-heading\">Cookies<\/h2>\n\n\n\n<p>The website uses cookies to improve the navigation and perform traffic statistics. You can at any time disable the cookies via your browser settings.<\/p>\n\n\n\n<hr class=\"wp-block-separator has-alpha-channel-opacity\"\/>\n\n\n\n<h2 class=\"wp-block-heading\">Responsibility<\/h2>\n\n\n\n<p>The site editor will not be held responsible for errors encountered on the site, technical problems, interpretation of published information, or the consequences of their use.<\/p>\n\n\n\n<hr class=\"wp-block-separator has-alpha-channel-opacity\"\/>\n\n\n\n<h2 class=\"wp-block-heading\">Protection of minors<\/h2>\n\n\n\n<p>In accordance with article L. 3342-1 of the French Code of Public Health, the sale of alcohol to minors under the age of 18 is prohibited. By accessing the website, you confirm that you have the legal age required in your country to consume alcohol.<\/p>","protected":false},"excerpt":{"rendered":"<p>\u00c9diteur du site Nom de l\u2019entreprise : Famille P &amp; J Allard SASForme juridique : Soci\u00e9t\u00e9 par actions simplifi\u00e9e (SAS)Si\u00e8ge social : Rue Miguel de Cervantes, 33700 M\u00e9rignac, FranceCapital social : (\u00e0 compl\u00e9ter si connu)Num\u00e9ro SIREN \/ SIRET : 479 483 646RCS : Bordeaux \u2013 B 479 483 646Num\u00e9ro de TVA intracommunautaire : (\u00e0 compl\u00e9ter) [&hellip;]<\/p>\n","protected":false},"author":1,"featured_media":0,"parent":0,"menu_order":70,"comment_status":"closed","ping_status":"closed","template":"","meta":{"footnotes":""},"class_list":["post-12226","page","type-page","status-publish","hentry"],"_links":{"self":[{"href":"https:\/\/www.chateaudelastours.com\/en\/wp-json\/wp\/v2\/pages\/12226","targetHints":{"allow":["GET"]}}],"collection":[{"href":"https:\/\/www.chateaudelastours.com\/en\/wp-json\/wp\/v2\/pages"}],"about":[{"href":"https:\/\/www.chateaudelastours.com\/en\/wp-json\/wp\/v2\/types\/page"}],"author":[{"embeddable":true,"href":"https:\/\/www.chateaudelastours.com\/en\/wp-json\/wp\/v2\/users\/1"}],"replies":[{"embeddable":true,"href":"https:\/\/www.chateaudelastours.com\/en\/wp-json\/wp\/v2\/comments?post=12226"}],"version-history":[{"count":1,"href":"https:\/\/www.chateaudelastours.com\/en\/wp-json\/wp\/v2\/pages\/12226\/revisions"}],"predecessor-version":[{"id":14951,"href":"https:\/\/www.chateaudelastours.com\/en\/wp-json\/wp\/v2\/pages\/12226\/revisions\/14951"}],"wp:attachment":[{"href":"https:\/\/www.chateaudelastours.com\/en\/wp-json\/wp\/v2\/media?parent=12226"}],"curies":[{"name":"wp","href":"https:\/\/api.w.org\/{rel}","templated":true}]}}